{"id":6,"date":"2016-07-17T21:26:22","date_gmt":"2016-07-17T21:26:22","guid":{"rendered":"http:\/\/liveda.de\/?page_id=6"},"modified":"2025-08-01T19:18:26","modified_gmt":"2025-08-01T19:18:26","slug":"dieses-ist-nun-die-startseite","status":"publish","type":"page","link":"https:\/\/liveda.de\/","title":{"rendered":"Meine Fotoreisen"},"content":{"rendered":"\n<p>\u00dcberall und jederzeit sehen wir Bilder, einige bleiben uns im Ged\u00e4chtnis haften, andere vergessen wir wieder.<\/p>\n\n\n\n<p>Bilder, die uns positive Erinnerungen bringen und freudige Emotionen ausl\u00f6sen, danach sollten wir suchen.<\/p>\n\n\n\n<p><\/p>\n\n\n\n<p>Fotoreise meint dabei nicht unbedingt, die Reise zu einem anderen Ort. Die Reise kann auch das Erarbeiten neuer Techniken und Themen bedeuten.<\/p>\n","protected":false},"excerpt":{"rendered":"<p>\u00dcberall und jederzeit sehen wir Bilder, einige bleiben uns im Ged\u00e4chtnis haften, andere vergessen wir wieder. Bilder, die uns positive Erinnerungen bringen und freudige Emotionen ausl\u00f6sen, danach sollten wir suchen. Fotoreise meint dabei nicht unbedingt, die Reise zu einem anderen Ort. Die Reise kann auch das Erarbeiten neuer Techniken und Themen bedeuten.<\/p>\n","protected":false},"author":1,"featured_media":171,"parent":0,"menu_order":0,"comment_status":"closed","ping_status":"closed","template":"","meta":{"footnotes":""},"class_list":["post-6","page","type-page","status-publish","has-post-thumbnail","hentry"],"_links":{"self":[{"href":"https:\/\/liveda.de\/index.php?rest_route=\/wp\/v2\/pages\/6","targetHints":{"allow":["GET"]}}],"collection":[{"href":"https:\/\/liveda.de\/index.php?rest_route=\/wp\/v2\/pages"}],"about":[{"href":"https:\/\/liveda.de\/index.php?rest_route=\/wp\/v2\/types\/page"}],"author":[{"embeddable":true,"href":"https:\/\/liveda.de\/index.php?rest_route=\/wp\/v2\/users\/1"}],"replies":[{"embeddable":true,"href":"https:\/\/liveda.de\/index.php?rest_route=%2Fwp%2Fv2%2Fcomments&post=6"}],"version-history":[{"count":28,"href":"https:\/\/liveda.de\/index.php?rest_route=\/wp\/v2\/pages\/6\/revisions"}],"predecessor-version":[{"id":250,"href":"https:\/\/liveda.de\/index.php?rest_route=\/wp\/v2\/pages\/6\/revisions\/250"}],"wp:featuredmedia":[{"embeddable":true,"href":"https:\/\/liveda.de\/index.php?rest_route=\/wp\/v2\/media\/171"}],"wp:attachment":[{"href":"https:\/\/liveda.de\/index.php?rest_route=%2Fwp%2Fv2%2Fmedia&parent=6"}],"curies":[{"name":"wp","href":"https:\/\/api.w.org\/{rel}","templated":true}]}}